{"id":1644,"date":"2020-10-01T23:30:19","date_gmt":"2020-10-01T23:30:19","guid":{"rendered":"https:\/\/soyib.com\/?page_id=1644"},"modified":"2025-03-29T16:33:57","modified_gmt":"2025-03-29T16:33:57","slug":"bachillerato-bi-una-opcion-para-estudiar-en-el-exterior","status":"publish","type":"page","link":"https:\/\/soyib.com\/it\/bachillerato-bi-una-opcion-para-estudiar-en-el-exterior\/","title":{"rendered":"Bachillerato IB, Una Opci\u00f3n Para Estudiar en El Exterior"},"content":{"rendered":"<p style=\"text-align: justify;\"><span style=\"font-family: arial, helvetica, sans-serif;\">Muchos hemos escuchado hablar del <a href=\"https:\/\/soyib.com\/it\/borrador\/\">bachillerato internacional<\/a> y de sus m\u00faltiples ventajas en un mundo tan globalizado como el actual, sin embargo, no todos tenemos claro \u00bfQu\u00e9 es?, \u00bfC\u00f3mo Funciona?, \u00bfQu\u00e9 metodolog\u00eda emplea? y muchos otros interrogantes que pueden surgir al momento de hablar de BI. En <span style=\"color: #003300;\"><strong>\u00abSoy IB\u00bb<\/strong><\/span> queremos contarte de qu\u00e9 se trata y aclarar muchas dudas, as\u00ed podr\u00e1s confirmar porque es tan importante contemplar, al momento de contratar un profesor particular si cuenta con experiencia en este tipo de programa acad\u00e9mico, ya que si est\u00e1s cursando actualmente esta modalidad, podr\u00e1s tener clases realmente enfocadas en tu plan de estudios actual. Sigue leyendo y conoce todas las particularidades de esta opci\u00f3n acad\u00e9mica a la que cada vez m\u00e1s estudiantes deciden apostarle.<\/span><\/p>\n<h2><span style=\"font-family: 'arial black', sans-serif;\"><strong>\u00bfQu\u00e9 Es el Bachillerato Internacional?<\/strong><\/span><\/h2>\n<p style=\"text-align: justify;\"><span style=\"font-family: arial, helvetica, sans-serif;\">Empecemos por el principio, lo primero que debes saber es que el Bachillerato Internacional es una fundaci\u00f3n educativa establecida en Ginebra, Suiza cuyo programa es impartido en m\u00e1s de 140 pa\u00edses en ingl\u00e9s, franc\u00e9s o espa\u00f1ol, que se imparte en algunos colegios certificados por esta fundaci\u00f3n. Su principal objetivo es formar estudiantes con mentalidad internacional, preparados para un mundo globalizado.<\/span><\/p>\n<h2 style=\"text-align: justify;\"><span style=\"font-family: 'arial black', sans-serif;\"><strong>\u00bfQu\u00e9 Programas Incluye La Organizaci\u00f3n Del Bachillerato Internacional?<\/strong><\/span><\/h2>\n<p><img loading=\"lazy\" decoding=\"async\" class=\"wp-image-5416  aligncenter\" src=\"https:\/\/soyib.com\/wp-content\/uploads\/2025\/03\/preparatoria-internacional--300x200.webp\" alt=\"\" width=\"560\" height=\"374\" title=\"\" srcset=\"https:\/\/soyib.com\/wp-content\/uploads\/2025\/03\/preparatoria-internacional--300x200.webp 300w, https:\/\/soyib.com\/wp-content\/uploads\/2025\/03\/preparatoria-internacional--768x512.webp 768w, https:\/\/soyib.com\/wp-content\/uploads\/2025\/03\/preparatoria-internacional-.webp 850w\" sizes=\"auto, (max-width: 560px) 100vw, 560px\" \/><\/p>\n<p><span style=\"font-family: arial, helvetica, sans-serif;\">El BI ofrece cuatro programas: <\/span><\/p>\n<ul>\n<li><span style=\"font-family: 'arial black', sans-serif;\"><span style=\"color: #003366;\">Escuela Primaria\u00a0 PEP<\/span>\u00a0 para ni\u00f1os de 3 a 12 a\u00f1os\u00a0 <\/span><\/li>\n<li><span style=\"font-family: 'arial black', sans-serif;\"><span style=\"color: #003366;\">A\u00f1os Intermedios PAI<\/span> dirigido a ni\u00f1os de 11 a 16 a\u00f1os<\/span><\/li>\n<li><span style=\"font-family: 'arial black', sans-serif;\"><span style=\"color: #003366;\">Orientaci\u00f3n Profesional<\/span> para adolescentes de 16 a 19 a\u00f1os\u00a0<\/span><\/li>\n<li><span style=\"font-family: 'arial black', sans-serif;\"><span style=\"color: #003366;\"> Programa del Diploma<\/span> tambi\u00e9n para estudiantes de 16 a 19 a\u00f1os.<\/span><\/li>\n<\/ul>\n<h2 style=\"text-align: justify;\"><span style=\"font-family: 'arial black', sans-serif;\"><strong>\u00bfQu\u00e9 Debes Hacer Para Estudiar un Programa de Bachillerato Internacional?<\/strong><\/span><\/h2>\n<p style=\"text-align: justify;\"><span style=\"font-family: arial, helvetica, sans-serif;\">Lo primero que debes hacer es buscar un colegio que cuente con la certificaci\u00f3n para impartir este tipo de Bachillerato. Algunos colegios solo tienen certificado para dictar el programa Diploma, que es el m\u00e1s famoso de los 4 programas, otros tienen certificaci\u00f3n en los 4. El programa Diploma que es el m\u00e1s cursado, tiene una duraci\u00f3n de dos a\u00f1os y ofrece una certificaci\u00f3n aceptada a nivel internacional para acceder a la educaci\u00f3n superior, y es avalada por universidades de todo el mundo.<\/span><\/p>\n<h2 style=\"text-align: justify;\"><span style=\"font-family: 'arial black', sans-serif;\"><strong>\u00bfQu\u00e9 Requisitos Debes Cumplir Para Abrobar el BI?<\/strong><\/span><\/h2>\n<p><img loading=\"lazy\" decoding=\"async\" class=\"aligncenter size-full wp-image-1653\" src=\"https:\/\/soyib.com\/wp-content\/uploads\/2020\/10\/ib-colegios.jpg\" alt=\"bachillerato internacional BI\" width=\"640\" height=\"426\" title=\"\" srcset=\"https:\/\/soyib.com\/wp-content\/uploads\/2020\/10\/ib-colegios.jpg 640w, https:\/\/soyib.com\/wp-content\/uploads\/2020\/10\/ib-colegios-300x200.jpg 300w\" sizes=\"auto, (max-width: 640px) 100vw, 640px\" \/><\/p>\n<p><span style=\"font-family: arial, helvetica, sans-serif;\">Este programa acad\u00e9mico contempla tres componentes principales:\u00a0<\/span><\/p>\n<p><span style=\"font-family: arial, helvetica, sans-serif;\"><strong><em>Teor\u00eda del Conocimiento:<\/em> <\/strong>Los estudiantes deben reflexionar acerca de la naturaleza del conocimiento y el por qu\u00e9 saben lo que deben saber.<\/span><\/p>\n<p><span style=\"font-family: arial, helvetica, sans-serif;\"><strong><em>Monograf\u00eda:<\/em><\/strong> Quienes cursan BI, deben presentar una monograf\u00eda que es b\u00e1sicamente una pieza de investigaci\u00f3n independiente, de un tema seleccionado entre varios propuestos y que culmina con un ensayo de 4.000 palabras.<\/span><\/p>\n<p><span style=\"font-family: arial, helvetica, sans-serif;\"><strong><em>Creatividad, Acci\u00f3n y Servicio:<\/em><\/strong> Todos los alumnos que cursan BI deben desempe\u00f1ar estros tres conceptos, sea prestando un servicio social a su comunidad, participando en alg\u00fan deporte o en alguna actividad creativa.<\/span><\/p>\n<h2><span style=\"font-family: 'arial black', sans-serif;\"><strong>\u00bfQu\u00e9 Asignaturas Componen el BI?<\/strong><\/span><\/h2>\n<p><span style=\"font-family: arial, helvetica, sans-serif;\">Los estudiantes toman 6 cursos de diversas \u00e1reas, distribuidos as\u00ed:<\/span><\/p>\n<ol>\n<li><span style=\"font-family: arial, helvetica, sans-serif;\"><strong><em>Estudios en Lengua y Literatura <\/em><\/strong>Se imparten en el idioma nativo del estudiante y hay m\u00e1s de 80 opciones para elegir<\/span><\/li>\n<li><span style=\"font-family: arial, helvetica, sans-serif;\"><strong><em>Adquisici\u00f3n de lenguas<\/em><\/strong>\u00a0Un idioma adicional incluidos Latin y Griego cl\u00e1sico.<\/span><\/li>\n<li><span style=\"font-family: arial, helvetica, sans-serif;\"><strong><em>Individuos y sociedades<\/em><\/strong>: Un curso de ciencias sociales que incluye: Negocios, Econom\u00eda, Geograf\u00eda, Historia, Tecnolog\u00eda de la Informaci\u00f3n, Filosof\u00eda, Psicolog\u00eda y Antropolog\u00eda.<\/span><\/li>\n<li><span style=\"font-family: arial, helvetica, sans-serif;\"><em><strong>Ciencias <\/strong><\/em>Incluye Qu\u00edmica, Biolog\u00eda, F\u00edsica, Tecnolog\u00eda del Dise\u00f1o y Ciencias Computacionales.<\/span><\/li>\n<li><span style=\"font-family: arial, helvetica, sans-serif;\"><strong><em>Matematica <\/em><\/strong>Son cuatro cursos de matem\u00e1ticas disponibles\u00a0<\/span><\/li>\n<li><span style=\"font-family: arial, helvetica, sans-serif;\"><em><strong>Artes <\/strong><\/em>Ofrece opciones como danza, lengua extranjera, m\u00fasica, teatro, artes visuales y cine. Existe la opci\u00f3n de no tomar este grupo de materias y tomar un curso adicional de las otras \u00e1reas de estudio.<\/span><\/li>\n<\/ol>\n<p style=\"text-align: justify;\"><span style=\"font-family: arial, helvetica, sans-serif;\">Las materias se ven en dos niveles: superior (HL) y est\u00e1ndar (SL). Cada estudiante debe tomar 3 o 4 materias en nivel HL en 240 horas de intensidad horaria\u00a0 y el resto en nivel SL, con 150 horas de instrucci\u00f3n.<\/span><\/p>\n<h2 style=\"text-align: justify;\"><span style=\"font-family: 'arial black', sans-serif;\"><strong>\u00bfC\u00f3mo Es el Sistema de Calificaciones en Los Colegios IB?<\/strong><\/span><\/h2>\n<p><img loading=\"lazy\" decoding=\"async\" class=\"aligncenter size-full wp-image-1654\" src=\"https:\/\/soyib.com\/wp-content\/uploads\/2020\/10\/bachillerato-internacional-a-distancia-.jpg\" alt=\"ib colegio del mundo\" width=\"640\" height=\"480\" title=\"\" srcset=\"https:\/\/soyib.com\/wp-content\/uploads\/2020\/10\/bachillerato-internacional-a-distancia-.jpg 640w, https:\/\/soyib.com\/wp-content\/uploads\/2020\/10\/bachillerato-internacional-a-distancia--300x225.jpg 300w\" sizes=\"auto, (max-width: 640px) 100vw, 640px\" \/><\/p>\n<p style=\"text-align: justify;\"><span style=\"font-family: arial, helvetica, sans-serif;\">Cada \u00e1rea a excepci\u00f3n del componente de Creatividad, Acci\u00f3n y Servicio, es evaluada por asesores internos y externos. Para ello los estudiantes deben presentar ex\u00e1menes externos que se hacen a nivel mundial en Noviembre para estudiantes del hemisferio sur, el caso de Per\u00fa por ejemplo.\u00a0 Cada examen est\u00e1 compuesto por 2 o 3 trabajos, centrados en diferentes temas del plan de estudios, o en diferentes tipos de pruebas.<\/span><\/p>\n<p style=\"text-align: justify;\"><span style=\"font-family: arial, helvetica, sans-serif;\">La evaluaci\u00f3n interna depende del \u00e1rea a calificar e incluye presentaciones, trabajo pr\u00e1ctico o escrito,\u00a0 este tipo de evaluaci\u00f3n tiene una equivalencia de entre el 20% y el 50% de cada materia y es otorgada por el profesor en cada escuela. <\/span><\/p>\n<p style=\"text-align: justify;\"><span style=\"font-family: arial, helvetica, sans-serif;\">Las calificaciones se dan en una escala de entre 1 y 7 puntos, donde un 7 equivale a un A*\/A+, un 6 equivale a un A y as\u00ed sucesivamente. Se otorgan hasta 3 puntos con base en la monograf\u00eda y teor\u00eda del conocimiento, haciendo un m\u00e1ximo de 45 puntos. Para aprobar, los candidatos deben recibir un puntaje m\u00ednimo de 24 puntos, o un promedio de 4(C) puntos en las 6 materias.\u00a0<\/span><\/p>\n<h2 style=\"text-align: justify;\"><span style=\"font-family: 'arial black', sans-serif;\"><strong>\u00bfC\u00f3mo Puedes Saber Qu\u00e9 Colegios Ofrecen Bachillerato Internacional en Per\u00fa?<\/strong><\/span><\/h2>\n<p style=\"text-align: justify;\"><span style=\"font-family: arial, helvetica, sans-serif;\">Si est\u00e1s buscando un colegio IB te aconsejamos que visites la p\u00e1gina de <a href=\"http:\/\/ascibp.pe\/\" target=\"_blank\" rel=\"noopener\">ASCIPB<\/a>, la Asociaci\u00f3n de colegios IB Per\u00fa, que te dar\u00e1 informaci\u00f3n actualizada de los colegios que imparten este programa acad\u00e9mico con sus respectivos links, eventos enfocados en la comunidad IB, convenios y talleres.\u00a0<\/span><\/p>\n<h2><span style=\"font-family: 'arial black', sans-serif;\"><strong>\u00bfQu\u00e9 Ventajas Te Ofrece Estudiar BI?<\/strong><\/span><\/h2>\n<p><img loading=\"lazy\" decoding=\"async\" class=\"aligncenter size-full wp-image-1656\" src=\"https:\/\/soyib.com\/wp-content\/uploads\/2020\/10\/bachillerato-internacional-ingle\u0301s-.jpg\" alt=\"bachillerato internacional virtual\" width=\"700\" height=\"374\" title=\"\" srcset=\"https:\/\/soyib.com\/wp-content\/uploads\/2020\/10\/bachillerato-internacional-ingle\u0301s-.jpg 700w, https:\/\/soyib.com\/wp-content\/uploads\/2020\/10\/bachillerato-internacional-ingle\u0301s--300x160.jpg 300w\" sizes=\"auto, (max-width: 700px) 100vw, 700px\" \/><\/p>\n<p style=\"text-align: justify;\"><span style=\"font-family: arial, helvetica, sans-serif;\">Quiz\u00e1s la mayor ventaja de estudiar BI es que su ense\u00f1anza est\u00e1 enfocada en formar estudiantes independientes, conscientes de su entorno y su cultura y preparados para enfrentar los retos de un mundo cada vez m\u00e1s globalizado. Como otras ventajas podemos se\u00f1alar:<\/span><\/p>\n<ul>\n<li style=\"text-align: justify;\"><span style=\"font-family: arial, helvetica, sans-serif;\">Aunque no es un requisito cursar BI para acceder a una universidad internacional pues la mayor\u00eda acepta los certificados de la educaci\u00f3n privada de cada pa\u00eds, su naturaleza internacional prepara a los estudiantes para enfrentar de mejor manera los desaf\u00edos de desarrollar una vida universitaria en el exterior.<\/span><\/li>\n<li style=\"text-align: justify;\"><span style=\"font-family: arial, helvetica, sans-serif;\">El diploma IB es actualmente aceptado en 75 pa\u00edses en m\u00e1s de 2.000 universidades haciendo m\u00e1s f\u00e1cil el acceso a universidades de gran reconocimiento<\/span><\/li>\n<li style=\"text-align: justify;\"><span style=\"font-family: arial, helvetica, sans-serif;\">Estimular el aprendizaje experiencial<\/span><\/li>\n<li style=\"text-align: justify;\"><span style=\"font-family: arial, helvetica, sans-serif;\">Aprender a planificar y administrar el tiempo, algo de suma importancia en la vida tanto profesional como personal<\/span><\/li>\n<\/ul>","protected":false},"excerpt":{"rendered":"<p>Muchos hemos escuchado hablar del bachillerato internacional y de sus m\u00faltiples ventajas en un mundo tan globalizado como el actual, sin embargo, no todos tenemos claro \u00bfQu\u00e9 es?, \u00bfC\u00f3mo Funciona?, \u00bfQu\u00e9 metodolog\u00eda emplea? y muchos otros interrogantes que pueden surgir al momento de hablar de BI. En \u00abSoy IB\u00bb queremos contarte de qu\u00e9 se trata&#8230;<\/p>","protected":false},"author":1,"featured_media":1648,"parent":0,"menu_order":0,"comment_status":"closed","ping_status":"closed","template":"","meta":{"_kad_blocks_custom_css":"","_kad_blocks_head_custom_js":"","_kad_blocks_body_custom_js":"","_kad_blocks_footer_custom_js":"","_kad_post_transparent":"","_kad_post_title":"","_kad_post_layout":"","_kad_post_sidebar_id":"","_kad_post_content_style":"","_kad_post_vertical_padding":"","_kad_post_feature":"","_kad_post_feature_position":"","_kad_post_header":false,"_kad_post_footer":false,"footnotes":""},"class_list":["post-1644","page","type-page","status-publish","has-post-thumbnail","hentry"],"taxonomy_info":[],"featured_image_src_large":["https:\/\/soyib.com\/wp-content\/uploads\/2020\/09\/el-bachillerato-internacional.jpg",1058,704,false],"author_info":{"display_name":"Ovarios Poliquisticos","author_link":"https:\/\/soyib.com\/it\/author\/tantra\/"},"comment_info":0,"_links":{"self":[{"href":"https:\/\/soyib.com\/it\/wp-json\/wp\/v2\/pages\/1644","targetHints":{"allow":["GET"]}}],"collection":[{"href":"https:\/\/soyib.com\/it\/wp-json\/wp\/v2\/pages"}],"about":[{"href":"https:\/\/soyib.com\/it\/wp-json\/wp\/v2\/types\/page"}],"author":[{"embeddable":true,"href":"https:\/\/soyib.com\/it\/wp-json\/wp\/v2\/users\/1"}],"replies":[{"embeddable":true,"href":"https:\/\/soyib.com\/it\/wp-json\/wp\/v2\/comments?post=1644"}],"version-history":[{"count":11,"href":"https:\/\/soyib.com\/it\/wp-json\/wp\/v2\/pages\/1644\/revisions"}],"predecessor-version":[{"id":5418,"href":"https:\/\/soyib.com\/it\/wp-json\/wp\/v2\/pages\/1644\/revisions\/5418"}],"wp:featuredmedia":[{"embeddable":true,"href":"https:\/\/soyib.com\/it\/wp-json\/wp\/v2\/media\/1648"}],"wp:attachment":[{"href":"https:\/\/soyib.com\/it\/wp-json\/wp\/v2\/media?parent=1644"}],"curies":[{"name":"wp","href":"https:\/\/api.w.org\/{rel}","templated":true}]}}