{"id":1583,"date":"2020-09-28T20:10:42","date_gmt":"2020-09-28T20:10:42","guid":{"rendered":"https:\/\/soyib.com\/?page_id=1583"},"modified":"2021-03-06T21:11:41","modified_gmt":"2021-03-06T21:11:41","slug":"profesores-de-historia","status":"publish","type":"page","link":"https:\/\/soyib.com\/en\/profesores-de-historia\/","title":{"rendered":"Profesores de Historia de Bachillerato Internacional"},"content":{"rendered":"<p style=\"text-align: justify;\"><span style=\"font-family: arial, helvetica, sans-serif;\">Para algunos la Historia es una de esas asignaturas con las que no quisieran encontrarse pues les parece tediosa, aburrida y poco pr\u00e1ctica. Sin embargo, para quienes estudian un programa de <a href=\"https:\/\/soyib.com\/en\/borrador\/\">International Baccalaureate<\/a>, se convierte en una asignatura de peso, pues es quiz\u00e1s la materia que m\u00e1s fomenta el sentido de la indagaci\u00f3n, uno de los pilares de este tipo de programas. Si est\u00e1s buscando subir tus calificaciones en Historia o necesitas preparar un examen importante est\u00e1s en el lugar correcto, en <strong>\u00abSoy IB\u00bb <\/strong>contamos con los mejores profesores de historia con amplia experiencia en IB, para que consigas los resultados que est\u00e1s buscando. Ll\u00e1manos<span style=\"font-family: 'arial black', sans-serif;\"> <strong><a href=\"tel:+51981849936\">981849936<\/a><\/strong><\/span>\u00a0y programa tus clases, empieza ya.<\/span><\/p>\n<h2><span style=\"font-family: 'arial black', sans-serif;\"><strong>\u00bfEn Qu\u00e9 Circunstancias Puedes Contratar Nuestro Profesor de Historia IB?<\/strong><\/span><\/h2>\n<p><img loading=\"lazy\" decoding=\"async\" class=\"aligncenter wp-image-1584 size-full\" src=\"https:\/\/soyib.com\/wp-content\/uploads\/2020\/09\/profesor-de-Historia-IB-e1601156673457.jpg\" alt=\"clases de historia IB\" width=\"800\" height=\"533\" title=\"\"><\/p>\n<p style=\"text-align: justify;\"><span style=\"font-family: arial, helvetica, sans-serif;\">Solemos pensar que debemos contratar un profesor particular, solo cuando vamos regular en una asignatura y necesitamos subir nuestras calificaciones. Nada m\u00e1s alejado de la realidad, un profesor particular puede ser un factor clave en tu desempe\u00f1o acad\u00e9mico, pues con \u00e9l puedes definir metodolog\u00edas de estudio, potencializar tus destrezas, trabajar en tus puntos d\u00e9biles y preparar de manera m\u00e1s eficiente tus ex\u00e1menes peri\u00f3dicos de tal manera que cumplas con todos tus objetivos acad\u00e9micos. No lo pienses m\u00e1s, escr\u00edbenos a nuestro <span style=\"font-family: tahoma, arial, helvetica, sans-serif;\"><span style=\"font-family: 'arial black', sans-serif;\"><strong><a href=\"https:\/\/api.whatsapp.com\/send?phone=51981849936&amp;text=Hola.%20Vengo%20de%20la%20web%20&quot;Soy%20IB&quot;%20y%20necesito%20informaci\u00f3n%20sobre%20clases%20y\/o%20resoluc\u00edon%20de%20problemas\" target=\"_blank\" rel=\"noopener\">WhatsApp<\/a><\/strong><\/span><\/span>\u00a0y progr\u00e1mate para estudiar con <strong>\u00abSoy IB\u00bb.<\/strong><\/span><\/p>\n<h2><span style=\"font-family: 'arial black', sans-serif;\"><strong>\u00bfC\u00f3mo Podemos Ayudarte Con Tus Monograf\u00edas y Ensayos con Nuestras Clases Online de Historia IB?<\/strong><\/span><\/h2>\n<p style=\"text-align: justify;\"><span style=\"font-family: arial, helvetica, sans-serif;\">Si necesitas ayuda para desarrollar tus monograf\u00edas, ensayos u otro tipo de pruebas internas, nuestras clases virtuales te ayudar\u00e1n en cada uno de los pasos necesarios para su elaboraci\u00f3n, sigue leyendo y ent\u00e9rate de los detalles:<\/span><\/p>\n<p style=\"text-align: center;\"><div class=\"pt-cv-wrapper\"><div class=\"pt-cv-view pt-cv-grid pt-cv-colsys pt-cv-same-height\" id=\"pt-cv-view-3f326a9xog\"><div data-id=\"pt-cv-page-1\" class=\"pt-cv-page cv-npf\" data-cvc=\"2\" data-cvct=\"2\" data-cvcm=\"2\"><div class=\"col-md-6 col-sm-6 col-xs-6 pt-cv-content-item pt-cv-1-col\"  data-pid=\"0\"><div class='pt-cv-ifield'><div class=\"pt-cv-no-post\">No posts found.<\/div><\/div><\/div><\/div><\/div><\/div>\t\t\t<style type=\"text\/css\" id=\"pt-cv-inline-style-b1e8798h1p\">#pt-cv-view-3f326a9xog .pt-cv-href-thumbnail  { margin-left: auto !important; margin-right: auto !important; display: block !important; text-align: center !important; clear: both !important; }\n#pt-cv-view-3f326a9xog .pt-cv-title a, #pt-cv-view-3f326a9xog  .panel-title { font-weight: 600 !important; }\n#pt-cv-view-3f326a9xog .pt-cv-readmore  { color: #ffffff !important; background-color: #00aeef !important; }\n#pt-cv-view-3f326a9xog .pt-cv-readmore:hover  { color: #ffffff !important; background-color: #00aeef !important; }<\/style>\r\n\t\t\t<\/p>\n<p style=\"text-align: justify;\"><span style=\"font-family: arial, helvetica, sans-serif;\">En \u00abSoy IB\u00bb somos conscientes de la importancia de planificar tus actividades estudiantiles, por ello puedes coordinar con tu profesor de historia un cronograma de trabajo para trazarte tiempos y optimizar tus entregas. Agenda tus clases ahora mismo llamando a nuestra l\u00ednea <strong><a href=\"tel:+51981849936\"><span style=\"font-family: 'arial black', sans-serif;\">981849936<\/span> <\/a><\/strong><\/span><span style=\"font-family: arial, helvetica, sans-serif;\">or write to us via <span style=\"font-family: tahoma, arial, helvetica, sans-serif;\"><span style=\"font-family: 'arial black', sans-serif;\"><strong><a href=\"https:\/\/api.whatsapp.com\/send?phone=51981849936&amp;text=Hola.%20Vengo%20de%20la%20web%20&quot;Soy%20IB&quot;%20y%20necesito%20informaci\u00f3n%20sobre%20clases%20y\/o%20resoluc\u00edon%20de%20problemas\" target=\"_blank\" rel=\"noopener\">WhatsApp<\/a><\/strong><\/span><\/span>, no dejes pasar m\u00e1s tiempo y ponte en acci\u00f3n.<\/span><\/p>","protected":false},"excerpt":{"rendered":"<p>Para algunos la Historia es una de esas asignaturas con las que no quisieran encontrarse pues les parece tediosa, aburrida y poco pr\u00e1ctica. Sin embargo, para quienes estudian un programa de Bachillerato Internacional, se convierte en una asignatura de peso, pues es quiz\u00e1s la materia que m\u00e1s fomenta el sentido de la indagaci\u00f3n, uno de&#8230;<\/p>","protected":false},"author":1,"featured_media":2007,"parent":0,"menu_order":0,"comment_status":"closed","ping_status":"closed","template":"","meta":{"_kad_blocks_custom_css":"","_kad_blocks_head_custom_js":"","_kad_blocks_body_custom_js":"","_kad_blocks_footer_custom_js":"","_kad_post_transparent":"","_kad_post_title":"","_kad_post_layout":"","_kad_post_sidebar_id":"","_kad_post_content_style":"","_kad_post_vertical_padding":"","_kad_post_feature":"","_kad_post_feature_position":"","_kad_post_header":false,"_kad_post_footer":false,"footnotes":""},"class_list":["post-1583","page","type-page","status-publish","has-post-thumbnail","hentry"],"taxonomy_info":[],"featured_image_src_large":["https:\/\/soyib.com\/wp-content\/uploads\/2021\/03\/profesor-de-historia-IB-1.jpg",626,417,false],"author_info":{"display_name":"Ovarios Poliquisticos","author_link":"https:\/\/soyib.com\/en\/author\/tantra\/"},"comment_info":0,"_links":{"self":[{"href":"https:\/\/soyib.com\/en\/wp-json\/wp\/v2\/pages\/1583","targetHints":{"allow":["GET"]}}],"collection":[{"href":"https:\/\/soyib.com\/en\/wp-json\/wp\/v2\/pages"}],"about":[{"href":"https:\/\/soyib.com\/en\/wp-json\/wp\/v2\/types\/page"}],"author":[{"embeddable":true,"href":"https:\/\/soyib.com\/en\/wp-json\/wp\/v2\/users\/1"}],"replies":[{"embeddable":true,"href":"https:\/\/soyib.com\/en\/wp-json\/wp\/v2\/comments?post=1583"}],"version-history":[{"count":19,"href":"https:\/\/soyib.com\/en\/wp-json\/wp\/v2\/pages\/1583\/revisions"}],"predecessor-version":[{"id":2026,"href":"https:\/\/soyib.com\/en\/wp-json\/wp\/v2\/pages\/1583\/revisions\/2026"}],"wp:featuredmedia":[{"embeddable":true,"href":"https:\/\/soyib.com\/en\/wp-json\/wp\/v2\/media\/2007"}],"wp:attachment":[{"href":"https:\/\/soyib.com\/en\/wp-json\/wp\/v2\/media?parent=1583"}],"curies":[{"name":"wp","href":"https:\/\/api.w.org\/{rel}","templated":true}]}}